{"id":2,"date":"2017-08-14T15:22:38","date_gmt":"2017-08-14T18:22:38","guid":{"rendered":"http:\/\/argental.com.ar\/?page_id=2"},"modified":"2019-12-20T19:10:49","modified_gmt":"2019-12-20T22:10:49","slug":"inicio","status":"publish","type":"page","link":"https:\/\/argental.com.ar\/en\/","title":{"rendered":"home"},"content":{"rendered":"<p>[vc_row row_type=&#8221;row&#8221; use_row_as_full_screen_section=&#8221;no&#8221; type=&#8221;full_width&#8221; text_align=&#8221;left&#8221; css_animation=&#8221;&#8221; box_shadow_on_row=&#8221;no&#8221;][vc_column][rev_slider_vc alias=&#8221;inicio&#8221;][\/vc_column][\/vc_row][vc_row row_type=&#8221;row&#8221; use_row_as_full_screen_section=&#8221;no&#8221; type=&#8221;full_width&#8221; text_align=&#8221;left&#8221; side_padding=&#8221;20px&#8221; padding_top=&#8221;60&#8243; padding_bottom=&#8221;60&#8243; css_animation=&#8221;&#8221; box_shadow_on_row=&#8221;no&#8221; el_id=&#8221;noticias-home&#8221;][vc_column][vc_column_text]<\/p>\n<h4 style=\"text-align: center;\"><strong>LATEST NEWS<br \/>\n<\/strong><\/h4>\n<p>[\/vc_column_text][vc_column_text][\/vc_column_text][vc_separator type=&#8221;small&#8221; position=&#8221;center&#8221; color=&#8221;#03263f&#8221; width=&#8221;60&#8243; thickness=&#8221;2&#8243; up=&#8221;10&#8243; down=&#8221;30&#8243;]<div class=\"latest_post_holder  boxes four_columns\"><ul class='post_list'><li class=\"clearfix\" ><div class=\"box_padding_border\"><div class=\"boxes_image\"><a href=\"https:\/\/argental.com.ar\/en\/demo-virtual-exclusiva-para-bolivia\/\"><img loading=\"lazy\" decoding=\"async\" width=\"550\" height=\"550\" src=\"https:\/\/argental.com.ar\/wp-content\/uploads\/2020\/09\/eb4e3f5c-c547-4982-878c-7e882afc6670-550x550.jpg\" class=\"attachment-portfolio-square size-portfolio-square wp-post-image\" alt=\"\" srcset=\"https:\/\/argental.com.ar\/wp-content\/uploads\/2020\/09\/eb4e3f5c-c547-4982-878c-7e882afc6670-550x550.jpg 550w, https:\/\/argental.com.ar\/wp-content\/uploads\/2020\/09\/eb4e3f5c-c547-4982-878c-7e882afc6670-300x300.jpg 300w, https:\/\/argental.com.ar\/wp-content\/uploads\/2020\/09\/eb4e3f5c-c547-4982-878c-7e882afc6670-1024x1024.jpg 1024w, https:\/\/argental.com.ar\/wp-content\/uploads\/2020\/09\/eb4e3f5c-c547-4982-878c-7e882afc6670-150x150.jpg 150w, https:\/\/argental.com.ar\/wp-content\/uploads\/2020\/09\/eb4e3f5c-c547-4982-878c-7e882afc6670-768x768.jpg 768w, https:\/\/argental.com.ar\/wp-content\/uploads\/2020\/09\/eb4e3f5c-c547-4982-878c-7e882afc6670-1000x1000.jpg 1000w, https:\/\/argental.com.ar\/wp-content\/uploads\/2020\/09\/eb4e3f5c-c547-4982-878c-7e882afc6670-700x700.jpg 700w, https:\/\/argental.com.ar\/wp-content\/uploads\/2020\/09\/eb4e3f5c-c547-4982-878c-7e882afc6670.jpg 1080w\" sizes=\"(max-width: 550px) 100vw, 550px\" \/><span class=\"latest_post_overlay\" ><h3 class=\"tit_img\">Hac\u00e9 clic en la imagen y registrate en nuestro seminario virtual! <\/h3><\/span><\/a><\/div><div class=\"latest_post\" ><div class=\"latest_post_text\"><div class=\"latest_post_title_holder\"><h5 class=\"latest_post_title \" ><a href=\"https:\/\/argental.com.ar\/en\/demo-virtual-exclusiva-para-bolivia\/\" style = \"color: #003263;\">Demo Virtual exclusiva para Bolivia<\/a><\/h5><\/div><div class=\"post_info_section\" ><\/div><p class=\"excerpt\" >Demo virtual exclusiva para Bolivia. Presentaremos los productos M-66, ARD6 y BCH.<\/p><a href=\"https:\/\/argental.com.ar\/en\/demo-virtual-exclusiva-para-bolivia\/\" target=\"_self\" data-hover-background-color=#03263f data-hover-color=#ffffff  class=\"qbutton  small icon_right\" style=\"color: #03263f; border-width: 0px; border-radius: 4px;-moz-border-radius: 4px;-webkit-border-radius: 4px; background-color: #ffffff;\">AMPLIAR<\/a><\/div><\/div><\/div><\/li><li class=\"clearfix\" ><div class=\"box_padding_border\"><div class=\"boxes_image\"><a href=\"https:\/\/argental.com.ar\/en\/abril-demo-internacional-en-rosario\/\"><img loading=\"lazy\" decoding=\"async\" width=\"550\" height=\"550\" src=\"https:\/\/argental.com.ar\/wp-content\/uploads\/2017\/08\/previewpanadero2018-550x550.jpg\" class=\"attachment-portfolio-square size-portfolio-square wp-post-image\" alt=\"\" srcset=\"https:\/\/argental.com.ar\/wp-content\/uploads\/2017\/08\/previewpanadero2018-550x550.jpg 550w, https:\/\/argental.com.ar\/wp-content\/uploads\/2017\/08\/previewpanadero2018-150x150.jpg 150w, https:\/\/argental.com.ar\/wp-content\/uploads\/2017\/08\/previewpanadero2018-300x300.jpg 300w, https:\/\/argental.com.ar\/wp-content\/uploads\/2017\/08\/previewpanadero2018-768x768.jpg 768w, https:\/\/argental.com.ar\/wp-content\/uploads\/2017\/08\/previewpanadero2018-1024x1024.jpg 1024w, https:\/\/argental.com.ar\/wp-content\/uploads\/2017\/08\/previewpanadero2018-1000x1000.jpg 1000w, https:\/\/argental.com.ar\/wp-content\/uploads\/2017\/08\/previewpanadero2018-700x700.jpg 700w, https:\/\/argental.com.ar\/wp-content\/uploads\/2017\/08\/previewpanadero2018.jpg 1080w\" sizes=\"(max-width: 550px) 100vw, 550px\" \/><span class=\"latest_post_overlay\" ><h3 class=\"tit_img\">Demo Regional Tucum\u00e1n<\/h3><i class=\"subtit_img\">del 15 al 17 de Mayo<\/i><\/span><\/a><\/div><div class=\"latest_post\" ><div class=\"latest_post_text\"><div class=\"latest_post_title_holder\"><h5 class=\"latest_post_title \" ><a href=\"https:\/\/argental.com.ar\/en\/abril-demo-internacional-en-rosario\/\" style = \"color: #003263;\">Abril: Demo Internacional en Rosario<\/a><\/h5><\/div><div class=\"post_info_section\" ><\/div><p class=\"excerpt\" >Te invitamos del 15 al 17 de mayo a la demo regional, donde junto a tu equipo de trabajo tendr\u00e1s la posibilidad de interactuar con lo \u00faltimo en tecnolog\u00eda aplicada a la panader\u00eda y pasteler\u00eda.<\/p><a href=\"https:\/\/argental.com.ar\/en\/abril-demo-internacional-en-rosario\/\" target=\"_self\" data-hover-background-color=#03263f data-hover-color=#ffffff  class=\"qbutton  small icon_right\" style=\"color: #03263f; border-width: 0px; border-radius: 4px;-moz-border-radius: 4px;-webkit-border-radius: 4px; background-color: #ffffff;\">AMPLIAR<\/a><\/div><\/div><\/div><\/li><\/ul><\/div>[\/vc_column][\/vc_row][vc_row row_type=&#8221;row&#8221; use_row_as_full_screen_section=&#8221;no&#8221; type=&#8221;full_width&#8221; text_align=&#8221;center&#8221; css_animation=&#8221;&#8221; box_shadow_on_row=&#8221;no&#8221; el_id=&#8221;accesos-home&#8221;][vc_column width=&#8221;1\/3&#8243; css=&#8221;.vc_custom_1502747759450{padding: 0px !important;}&#8221;][vc_raw_html]JTNDZGl2JTIwY2xhc3MlM0QlMjJhY2Nlc28lMjBlbXByZXNhJTIyJTNFJTBBJTA5JTNDZGl2JTIwY2xhc3MlM0QlMjJjaGlsZCUyMiUzRSUzQyUyRmRpdiUzRSUwQSUwOSUzQ2ElMjBocmVmJTNEJTIyaHR0cCUzQSUyRiUyRmFyZ2VudGFsLmNvbS5hciUyRmNhbGlkYWQlMkYlMjIlM0VMQSUyMEVNUFJFU0ElM0MlMkZhJTNFJTBBJTNDJTJGZGl2JTNF[\/vc_raw_html][\/vc_column][vc_column width=&#8221;1\/3&#8243; css=&#8221;.vc_custom_1502747782689{padding: 0px !important;}&#8221;][vc_raw_html]JTNDZGl2JTIwY2xhc3MlM0QlMjJhY2Nlc28lMjBleHBvc2ljaW9uZXMlMjIlM0UlMEElMDklM0NkaXYlMjBjbGFzcyUzRCUyMmNoaWxkJTIyJTNFJTNDJTJGZGl2JTNFJTBBJTA5JTNDYSUyMGhyZWYlM0QlMjJodHRwJTNBJTJGJTJGYXJnZW50YWwuY29tLmFyJTJGZXhwb3NpY2lvbmVzJTJGJTIyJTNFRVhQT1NJQ0lPTkVTJTNDJTJGYSUzRSUwQSUzQyUyRmRpdiUzRQ==[\/vc_raw_html][\/vc_column][vc_column width=&#8221;1\/3&#8243; css=&#8221;.vc_custom_1502747790392{padding: 0px !important;}&#8221;][vc_raw_html]JTNDZGl2JTIwY2xhc3MlM0QlMjJhY2Nlc28lMjByZWNldGFzJTIyJTNFJTBBJTA5JTNDZGl2JTIwY2xhc3MlM0QlMjJjaGlsZCUyMiUzRSUzQyUyRmRpdiUzRSUwQSUwOSUzQ2ElMjBocmVmJTNEJTIyaHR0cCUzQSUyRiUyRmFyZ2VudGFsLmNvbS5hciUyRnJlY2V0YXMlMkYlMjIlM0VSRUNFVEFTJTNDJTJGYSUzRSUwQSUzQyUyRmRpdiUzRQ==[\/vc_raw_html][\/vc_column][\/vc_row][vc_row row_type=&#8221;row&#8221; use_row_as_full_screen_section=&#8221;no&#8221; type=&#8221;full_width&#8221; text_align=&#8221;center&#8221; background_color=&#8221;#03263f&#8221; css_animation=&#8221;&#8221; box_shadow_on_row=&#8221;no&#8221;][vc_column width=&#8221;1\/2&#8243; css=&#8221;.vc_custom_1503080780874{padding-top: 70px !important;padding-right: 30px !important;padding-bottom: 70px !important;padding-left: 30px !important;background-color: #03263f !important;}&#8221;][vc_column_text css=&#8221;.vc_custom_1502752098234{margin-bottom: 30px !important;}&#8221;]<\/p>\n<h4><strong>\u00bfQue desea producir? <\/strong><\/h4>\n<p>Seleccione de la lista el producto que desee producir<\/p>\n<p>[\/vc_column_text]<a href=\"http:\/\/argental.com.ar\/que-desea-producir\/\" target=\"_self\" data-hover-background-color=#03263f data-hover-border-color=#edeef0 data-hover-color=#edeef0 data-icon-hover-color=#edeef0  class=\"qbutton  medium qbutton_with_icon icon_right\" style=\"color: #03263f; border-color: #edeef0; border-width: 2px; font-style: normal; font-weight: 400; background-color: #edeef0;\">VER PRODUCTOS<i class=\"mkd_icon_font_awesome fa fa-chevron-right button_icon\" style=\"color: #03263f;width: inherit; \" ><\/i><\/a>[\/vc_column][vc_column width=&#8221;1\/2&#8243; css=&#8221;.vc_custom_1503080790035{padding-top: 70px !important;padding-right: 30px !important;padding-bottom: 70px !important;padding-left: 30px !important;background-color: #edeef0 !important;}&#8221;][vc_column_text css=&#8221;.vc_custom_1502752107665{margin-bottom: 30px !important;}&#8221;]<\/p>\n<h4><strong>\u00bfQuer\u00e9s ver de cerca nuestros equipos?<\/strong><\/h4>\n<p>Te invitamos a ver nuestra colecci\u00f3n de videos<\/p>\n<p>[\/vc_column_text]<a href=\"https:\/\/www.youtube.com\/user\/argentalsaic\" target=\"_blank\" data-hover-background-color=#edeef0 data-hover-border-color=#03263f data-hover-color=#03263f data-icon-hover-color=#03263f  class=\"qbutton  medium qbutton_with_icon icon_right\" style=\"color: #ffffff; border-color: #03263f; border-width: 2px; font-style: normal; font-weight: 400; background-color: #03263f;\">VER VIDEOS<i class=\"mkd_icon_font_awesome fa fa-chevron-right button_icon\" style=\"color: #edeef0;width: inherit; \" ><\/i><\/a>[\/vc_column][\/vc_row][vc_row row_type=&#8221;row&#8221; use_row_as_full_screen_section=&#8221;no&#8221; type=&#8221;full_width&#8221; text_align=&#8221;left&#8221; background_image=&#8221;48&#8243; padding_top=&#8221;40&#8243; padding_bottom=&#8221;40&#8243; css_animation=&#8221;&#8221; box_shadow_on_row=&#8221;no&#8221; el_id=&#8221;productos-home&#8221;][vc_column][vc_column_text]<\/p>\n<h4><strong>EQUIPOS DESTACADOS<\/strong><\/h4>\n<p>[\/vc_column_text][vc_separator type=&#8221;small&#8221; position=&#8221;center&#8221; color=&#8221;#ffffff&#8221; width=&#8221;60&#8243; thickness=&#8221;2&#8243; up=&#8221;10&#8243; down=&#8221;30&#8243;]<div class='portfolio_main_holder portfolio_slider_holder clearfix  standard'><div class='portfolio_slider with_padding' data-portfolios_shown='5'><ul class='portfolio_slides'>Sorry, no posts matched your criteria.<\/ul><ul class=\"caroufredsel-direction-nav\"><li><a id=\"caroufredsel-prev-324313185\" class=\"caroufredsel-prev\" href=\"#\"><span class=\"arrow_carrot-left\"><\/span><\/a><\/li><li><a class=\"caroufredsel-next\" id=\"caroufredsel-next-324313185\" href=\"#\"><span class=\"arrow_carrot-right\"><\/span><\/a><\/li><\/ul><\/div><\/div>[\/vc_column][\/vc_row][vc_row row_type=&#8221;row&#8221; use_row_as_full_screen_section=&#8221;no&#8221; type=&#8221;grid&#8221; text_align=&#8221;left&#8221; background_color=&#8221;#ffffff&#8221; padding_top=&#8221;60&#8243; padding_bottom=&#8221;60&#8243; css_animation=&#8221;&#8221; box_shadow_on_row=&#8221;no&#8221; el_class=&#8221;ocultar&#8221;][vc_column][vc_column_text]<\/p>\n<h4><strong>CONF\u00cdAN EN NOSOTROS<\/strong><\/h4>\n<p>[\/vc_column_text][vc_separator type=&#8221;small&#8221; position=&#8221;center&#8221; color=&#8221;#03263f&#8221; width=&#8221;60&#8243; thickness=&#8221;2&#8243; up=&#8221;10&#8243; down=&#8221;30&#8243;]<div class='mkd_carousels_holder clearfix '><div class='mkd_carousels'  data-number_of_items='8'><ul class='slides'><li class='item'><div class=\"carousel_item_holder\" ><div class=\"carousel_item_holder_inner\" ><span class='first_image_holder '><img src='http:\/\/argental.com.ar\/wp-content\/uploads\/2017\/08\/coto.png' alt='Coto'><\/span><\/div><\/div><\/li><li class='item'><div class=\"carousel_item_holder\" ><div class=\"carousel_item_holder_inner\" ><span class='first_image_holder '><img src='http:\/\/argental.com.ar\/wp-content\/uploads\/2017\/08\/carrefour.png' alt='Carrefour'><\/span><\/div><\/div><\/li><li class='item'><div class=\"carousel_item_holder\" ><div class=\"carousel_item_holder_inner\" ><span class='first_image_holder '><img src='http:\/\/argental.com.ar\/wp-content\/uploads\/2017\/08\/la-gallega.png' alt='La Gallega'><\/span><\/div><\/div><\/li><li class='item'><div class=\"carousel_item_holder\" ><div class=\"carousel_item_holder_inner\" ><span class='first_image_holder '><img src='http:\/\/argental.com.ar\/wp-content\/uploads\/2017\/08\/sadia.png' alt='Sadia'><\/span><\/div><\/div><\/li><li class='item'><div class=\"carousel_item_holder\" ><div class=\"carousel_item_holder_inner\" ><span class='first_image_holder '><img src='http:\/\/argental.com.ar\/wp-content\/uploads\/2017\/08\/la-anonima.png' alt='La An\u00f3nima'><\/span><\/div><\/div><\/li><li class='item'><div class=\"carousel_item_holder\" ><div class=\"carousel_item_holder_inner\" ><span class='first_image_holder '><img src='http:\/\/argental.com.ar\/wp-content\/uploads\/2017\/08\/jumbo.png' alt='Jumbo'><\/span><\/div><\/div><\/li><li class='item'><div class=\"carousel_item_holder\" ><div class=\"carousel_item_holder_inner\" ><span class='first_image_holder '><img src='http:\/\/argental.com.ar\/wp-content\/uploads\/2017\/08\/disco.png' alt='Disco'><\/span><\/div><\/div><\/li><li class='item'><div class=\"carousel_item_holder\" ><div class=\"carousel_item_holder_inner\" ><span class='first_image_holder '><img src='http:\/\/argental.com.ar\/wp-content\/uploads\/2017\/08\/atomo.png' alt='\u00c1tomo'><\/span><\/div><\/div><\/li><li class='item'><div class=\"carousel_item_holder\" ><div class=\"carousel_item_holder_inner\" ><span class='first_image_holder '><img src='http:\/\/argental.com.ar\/wp-content\/uploads\/2017\/08\/hipersur.png' alt='Hipersur'><\/span><\/div><\/div><\/li><li class='item'><div class=\"carousel_item_holder\" ><div class=\"carousel_item_holder_inner\" ><span class='first_image_holder '><img src='http:\/\/argental.com.ar\/wp-content\/uploads\/2017\/08\/delicity.png' alt='Delicity'><\/span><\/div><\/div><\/li><li class='item'><div class=\"carousel_item_holder\" ><div class=\"carousel_item_holder_inner\" ><span class='first_image_holder '><img src='http:\/\/argental.com.ar\/wp-content\/uploads\/2017\/08\/auchan.png' alt='Auchan'><\/span><\/div><\/div><\/li><\/ul><\/div><\/div>[\/vc_column][\/vc_row]<\/p>\n","protected":false},"excerpt":{"rendered":"<p>[vc_row row_type=&#8221;row&#8221; use_row_as_full_screen_section=&#8221;no&#8221; type=&#8221;full_width&#8221; text_align=&#8221;left&#8221; css_animation=&#8221;&#8221; box_shadow_on_row=&#8221;no&#8221;][vc_column][rev_slider_vc alias=&#8221;inicio&#8221;][\/vc_column][\/vc_row][vc_row row_type=&#8221;row&#8221; use_row_as_full_screen_section=&#8221;no&#8221; type=&#8221;full_width&#8221; text_align=&#8221;left&#8221; side_padding=&#8221;20px&#8221; padding_top=&#8221;60&#8243; padding_bottom=&#8221;60&#8243; css_animation=&#8221;&#8221; box_shadow_on_row=&#8221;no&#8221; el_id=&#8221;noticias-home&#8221;][vc_column][vc_column_text] LATEST NEWS [\/vc_column_text][vc_column_text][\/vc_column_text][vc_separator type=&#8221;small&#8221; position=&#8221;center&#8221; color=&#8221;#03263f&#8221; width=&#8221;60&#8243; thickness=&#8221;2&#8243; up=&#8221;10&#8243; down=&#8221;30&#8243;][\/vc_column][\/vc_row][vc_row row_type=&#8221;row&#8221; use_row_as_full_screen_section=&#8221;no&#8221; type=&#8221;full_width&#8221; text_align=&#8221;center&#8221; css_animation=&#8221;&#8221; box_shadow_on_row=&#8221;no&#8221; el_id=&#8221;accesos-home&#8221;][vc_column width=&#8221;1\/3&#8243; css=&#8221;.vc_custom_1502747759450{padding: 0px !important;}&#8221;][vc_raw_html]JTNDZGl2JTIwY2xhc3MlM0QlMjJhY2Nlc28lMjBlbXByZXNhJTIyJTNFJTBBJTA5JTNDZGl2JTIwY2xhc3MlM0QlMjJjaGlsZCUyMiUzRSUzQyUyRmRpdiUzRSUwQSUwOSUzQ2ElMjBocmVmJTNEJTIyaHR0cCUzQSUyRiUyRmFyZ2VudGFsLmNvbS5hciUyRmNhbGlkYWQlMkYlMjIlM0VMQSUyMEVNUFJFU0ElM0MlMkZhJTNFJTBBJTNDJTJGZGl2JTNF[\/vc_raw_html][\/vc_column][vc_column width=&#8221;1\/3&#8243; css=&#8221;.vc_custom_1502747782689{padding: 0px !important;}&#8221;][vc_raw_html]JTNDZGl2JTIwY2xhc3MlM0QlMjJhY2Nlc28lMjBleHBvc2ljaW9uZXMlMjIlM0UlMEElMDklM0NkaXYlMjBjbGFzcyUzRCUyMmNoaWxkJTIyJTNFJTNDJTJGZGl2JTNFJTBBJTA5JTNDYSUyMGhyZWYlM0QlMjJodHRwJTNBJTJGJTJGYXJnZW50YWwuY29tLmFyJTJGZXhwb3NpY2lvbmVzJTJGJTIyJTNFRVhQT1NJQ0lPTkVTJTNDJTJGYSUzRSUwQSUzQyUyRmRpdiUzRQ==[\/vc_raw_html][\/vc_column][vc_column width=&#8221;1\/3&#8243; css=&#8221;.vc_custom_1502747790392{padding:&#8230;<\/p>\n","protected":false},"author":1,"featured_media":853,"parent":0,"menu_order":0,"comment_status":"closed","ping_status":"closed","template":"full_width.php","meta":{"_acf_changed":false,"footnotes":""},"class_list":["post-2","page","type-page","status-publish","has-post-thumbnail","hentry"],"acf":[],"_links":{"self":[{"href":"https:\/\/argental.com.ar\/en\/wp-json\/wp\/v2\/pages\/2"}],"collection":[{"href":"https:\/\/argental.com.ar\/en\/wp-json\/wp\/v2\/pages"}],"about":[{"href":"https:\/\/argental.com.ar\/en\/wp-json\/wp\/v2\/types\/page"}],"author":[{"embeddable":true,"href":"https:\/\/argental.com.ar\/en\/wp-json\/wp\/v2\/users\/1"}],"replies":[{"embeddable":true,"href":"https:\/\/argental.com.ar\/en\/wp-json\/wp\/v2\/comments?post=2"}],"version-history":[{"count":66,"href":"https:\/\/argental.com.ar\/en\/wp-json\/wp\/v2\/pages\/2\/revisions"}],"predecessor-version":[{"id":4738,"href":"https:\/\/argental.com.ar\/en\/wp-json\/wp\/v2\/pages\/2\/revisions\/4738"}],"wp:featuredmedia":[{"embeddable":true,"href":"https:\/\/argental.com.ar\/en\/wp-json\/wp\/v2\/media\/853"}],"wp:attachment":[{"href":"https:\/\/argental.com.ar\/en\/wp-json\/wp\/v2\/media?parent=2"}],"curies":[{"name":"wp","href":"https:\/\/api.w.org\/{rel}","templated":true}]}}