{"id":239,"date":"2017-10-16T13:04:38","date_gmt":"2017-10-16T16:04:38","guid":{"rendered":"http:\/\/argental.com.ar\/?page_id=239"},"modified":"2018-10-07T22:53:41","modified_gmt":"2018-10-08T01:53:41","slug":"novedades","status":"publish","type":"page","link":"https:\/\/argental.com.ar\/pb\/novedades\/","title":{"rendered":"Novedade"},"content":{"rendered":"<p class=\"qtranxs-available-languages-message qtranxs-available-languages-message-pb\">Desculpe-nos, mas este texto est\u00e1 apenas dispon\u00edvel em <a href=\"https:\/\/argental.com.ar\/es\/wp-json\/wp\/v2\/pages\/239\" class=\"qtranxs-available-language-link qtranxs-available-language-link-es\" title=\"Espa\u00f1ol\">Espa\u00f1ol<\/a>.<\/p>","protected":false},"excerpt":{"rendered":"<p>Desculpe-nos, mas este texto est\u00e1 apenas dispon\u00edvel em Espa\u00f1ol.<\/p>\n","protected":false},"author":1,"featured_media":0,"parent":0,"menu_order":0,"comment_status":"closed","ping_status":"closed","template":"full_width.php","meta":{"_acf_changed":false,"footnotes":""},"class_list":["post-239","page","type-page","status-publish","hentry"],"acf":[],"_links":{"self":[{"href":"https:\/\/argental.com.ar\/pb\/wp-json\/wp\/v2\/pages\/239"}],"collection":[{"href":"https:\/\/argental.com.ar\/pb\/wp-json\/wp\/v2\/pages"}],"about":[{"href":"https:\/\/argental.com.ar\/pb\/wp-json\/wp\/v2\/types\/page"}],"author":[{"embeddable":true,"href":"https:\/\/argental.com.ar\/pb\/wp-json\/wp\/v2\/users\/1"}],"replies":[{"embeddable":true,"href":"https:\/\/argental.com.ar\/pb\/wp-json\/wp\/v2\/comments?post=239"}],"version-history":[{"count":1,"href":"https:\/\/argental.com.ar\/pb\/wp-json\/wp\/v2\/pages\/239\/revisions"}],"predecessor-version":[{"id":240,"href":"https:\/\/argental.com.ar\/pb\/wp-json\/wp\/v2\/pages\/239\/revisions\/240"}],"wp:attachment":[{"href":"https:\/\/argental.com.ar\/pb\/wp-json\/wp\/v2\/media?parent=239"}],"curies":[{"name":"wp","href":"https:\/\/api.w.org\/{rel}","templated":true}]}}